{"id":6940,"date":"2023-05-02T14:42:35","date_gmt":"2023-05-02T14:42:35","guid":{"rendered":"https:\/\/affectionate-hodgkin.185-146-238-85.plesk.page\/m1023\/osteopatia-y-fisioterapia\/"},"modified":"2024-01-16T13:24:55","modified_gmt":"2024-01-16T13:24:55","slug":"physiotherapie","status":"publish","type":"page","link":"https:\/\/osteopathie-sporleder.com\/de\/physiotherapie\/","title":{"rendered":"PHYSIOTHERAPIE"},"content":{"rendered":"[vc_row type=&#8220;full_width_content&#8220; full_screen_row_position=&#8220;middle&#8220; column_margin=&#8220;default&#8220; equal_height=&#8220;yes&#8220; content_placement=&#8220;middle&#8220; column_direction=&#8220;default&#8220; column_direction_tablet=&#8220;default&#8220; column_direction_phone=&#8220;default&#8220; bg_color=&#8220;#ffffff&#8220; scene_position=&#8220;center&#8220; text_color=&#8220;dark&#8220; text_align=&#8220;left&#8220; row_border_radius=&#8220;none&#8220; row_border_radius_applies=&#8220;bg&#8220; overflow=&#8220;visible&#8220; overlay_strength=&#8220;0.3&#8243; gradient_direction=&#8220;left_to_right&#8220; shape_divider_position=&#8220;bottom&#8220; bg_image_animation=&#8220;none&#8220;][vc_column column_padding=&#8220;no-extra-padding&#8220; column_padding_tablet=&#8220;inherit&#8220; column_padding_phone=&#8220;inherit&#8220; column_padding_position=&#8220;all&#8220; column_element_direction_desktop=&#8220;default&#8220; column_element_spacing=&#8220;default&#8220; desktop_text_alignment=&#8220;default&#8220; tablet_text_alignment=&#8220;default&#8220; phone_text_alignment=&#8220;default&#8220; background_color_opacity=&#8220;1&#8243; background_hover_color_opacity=&#8220;1&#8243; background_image=&#8220;6884&#8243; background_image_position=&#8220;center center&#8220; background_image_stacking=&#8220;default&#8220; enable_bg_scale=&#8220;true&#8220; background_image_loading=&#8220;default&#8220; column_backdrop_filter=&#8220;none&#8220; column_shadow=&#8220;none&#8220; column_border_radius=&#8220;none&#8220; column_link_target=&#8220;_self&#8220; column_position=&#8220;default&#8220; gradient_direction=&#8220;left_to_right&#8220; overlay_strength=&#8220;0.3&#8243; width=&#8220;1\/2&#8243; tablet_width_inherit=&#8220;default&#8220; animation_type=&#8220;default&#8220; bg_image_animation=&#8220;none&#8220; border_type=&#8220;simple&#8220; column_border_width=&#8220;none&#8220; column_border_style=&#8220;solid&#8220; column_padding_type=&#8220;default&#8220; gradient_type=&#8220;default&#8220;][divider line_type=&#8220;No Line&#8220; custom_height=&#8220;250&#8243;][\/vc_column][vc_column column_padding=&#8220;padding-10-percent&#8220; column_padding_tablet=&#8220;inherit&#8220; column_padding_phone=&#8220;inherit&#8220; column_padding_position=&#8220;all&#8220; column_element_direction_desktop=&#8220;default&#8220; column_element_spacing=&#8220;default&#8220; desktop_text_alignment=&#8220;default&#8220; tablet_text_alignment=&#8220;default&#8220; phone_text_alignment=&#8220;default&#8220; background_color=&#8220;#f7f7f7&#8243; background_color_opacity=&#8220;1&#8243; background_hover_color_opacity=&#8220;1&#8243; column_backdrop_filter=&#8220;none&#8220; column_shadow=&#8220;none&#8220; column_border_radius=&#8220;none&#8220; column_link_target=&#8220;_self&#8220; column_position=&#8220;default&#8220; gradient_direction=&#8220;left_to_right&#8220; overlay_strength=&#8220;0.3&#8243; width=&#8220;1\/2&#8243; tablet_width_inherit=&#8220;default&#8220; animation_type=&#8220;default&#8220; bg_image_animation=&#8220;none&#8220; border_type=&#8220;simple&#8220; column_border_width=&#8220;none&#8220; column_border_style=&#8220;solid&#8220; column_padding_type=&#8220;default&#8220; gradient_type=&#8220;default&#8220;][vc_column_text]Unser K\u00f6rper besteht aus unz\u00e4hligen Strukturen, die alle direkt oder indirekt miteinander verbunden sind und sich gegenseitig beeinflussen. Wenn das Zusammenspiel von Muskeln, Knochen, Organen, Nerven und anderen Strukturen ver\u00e4ndert wird, ger\u00e4t der K\u00f6rper aus dem Gleichgewicht und es kommt zu Beschwerden.<\/p>\n<p>Ziel der Physiotherapie ist die Beseitigung von Funktionsst\u00f6rungen und damit verbundenen Schmerzen. Zum Beispiel mit Kr\u00e4ftigungs\u00fcbungen, Muskeldehnungen oder Gelenkmobilisierungen. Dar\u00fcber hinaus k\u00f6nnen Fehlhaltungen pr\u00e4ventiv durch Haltungs- und Muskeltechniken verhindert werden.<\/p>\n<p>Stattdessen handelt es sich bei der Osteopathie um eine ganzheitliche Behandlung, die alle Strukturen des K\u00f6rpers als Einheit behandelt. Funktionsst\u00f6rungen wie Blockaden des Skelettsystems oder Probleme im viszeralen (innere Organe) und craniosacralen (Sch\u00e4del-Wirbels\u00e4ule-Kreuzbein) Bereich werden lokalisiert und behandelt.<\/p>\n<blockquote><p>\u201eGesundheit zu finden sollte die Sorge eines Osteopathen sein, jeder kann Krankheit finden.\u201c<\/p>\n<p><em>A.T. Immer noch<\/em><\/p><\/blockquote>\n[\/vc_column_text][\/vc_column][\/vc_row]\n","protected":false},"excerpt":{"rendered":"<p>[vc_row type=&#8220;full_width_content&#8220; full_screen_row_position=&#8220;middle&#8220; column_margin=&#8220;default&#8220; equal_height=&#8220;yes&#8220; content_placement=&#8220;middle&#8220; column_direction=&#8220;default&#8220; column_direction_tablet=&#8220;default&#8220; column_direction_phone=&#8220;default&#8220; bg_color=&#8220;#ffffff&#8220; scene_position=&#8220;center&#8220; text_color=&#8220;dark&#8220; text_align=&#8220;left&#8220; row_border_radius=&#8220;none&#8220; row_border_radius_applies=&#8220;bg&#8220; overflow=&#8220;visible&#8220; overlay_strength=&#8220;0.3&#8243; gradient_direction=&#8220;left_to_right&#8220; shape_divider_position=&#8220;bottom&#8220; bg_image_animation=&#8220;none&#8220;][vc_column column_padding=&#8220;no-extra-padding&#8220; column_padding_tablet=&#8220;inherit&#8220; column_padding_phone=&#8220;inherit&#8220; column_padding_position=&#8220;all&#8220; column_element_direction_desktop=&#8220;default&#8220; column_element_spacing=&#8220;default&#8220; desktop_text_alignment=&#8220;default&#8220; tablet_text_alignment=&#8220;default&#8220; phone_text_alignment=&#8220;default&#8220; background_color_opacity=&#8220;1&#8243;&#8230;<\/p>\n","protected":false},"author":1,"featured_media":0,"parent":0,"menu_order":0,"comment_status":"closed","ping_status":"closed","template":"","meta":{"footnotes":""},"class_list":["post-6940","page","type-page","status-publish"],"_links":{"self":[{"href":"https:\/\/osteopathie-sporleder.com\/de\/wp-json\/wp\/v2\/pages\/6940","targetHints":{"allow":["GET"]}}],"collection":[{"href":"https:\/\/osteopathie-sporleder.com\/de\/wp-json\/wp\/v2\/pages"}],"about":[{"href":"https:\/\/osteopathie-sporleder.com\/de\/wp-json\/wp\/v2\/types\/page"}],"author":[{"embeddable":true,"href":"https:\/\/osteopathie-sporleder.com\/de\/wp-json\/wp\/v2\/users\/1"}],"replies":[{"embeddable":true,"href":"https:\/\/osteopathie-sporleder.com\/de\/wp-json\/wp\/v2\/comments?post=6940"}],"version-history":[{"count":1,"href":"https:\/\/osteopathie-sporleder.com\/de\/wp-json\/wp\/v2\/pages\/6940\/revisions"}],"predecessor-version":[{"id":6978,"href":"https:\/\/osteopathie-sporleder.com\/de\/wp-json\/wp\/v2\/pages\/6940\/revisions\/6978"}],"wp:attachment":[{"href":"https:\/\/osteopathie-sporleder.com\/de\/wp-json\/wp\/v2\/media?parent=6940"}],"curies":[{"name":"wp","href":"https:\/\/api.w.org\/{rel}","templated":true}]}}